{"id":846,"date":"2024-09-05T14:50:07","date_gmt":"2024-09-05T12:50:07","guid":{"rendered":"https:\/\/point-secu.com\/?page_id=846"},"modified":"2025-07-14T21:01:58","modified_gmt":"2025-07-14T19:01:58","slug":"contacts","status":"publish","type":"page","link":"https:\/\/point-secu.com\/accueil-point-secu\/contacts\/","title":{"rendered":"Contacts"},"content":{"rendered":"\t\t<div data-elementor-type=\"wp-page\" data-elementor-id=\"846\" class=\"elementor elementor-846\" data-elementor-post-type=\"page\">\n\t\t\t\t<div class=\"elementor-element elementor-element-159d169 e-flex e-con-boxed e-con e-parent\" data-id=\"159d169\" data-element_type=\"container\" data-e-type=\"container\">\n\t\t\t\t\t<div class=\"e-con-inner\">\n\t\t\t\t<div class=\"elementor-element elementor-element-d5a6f6d elementor-widget elementor-widget-formidable\" data-id=\"d5a6f6d\" data-element_type=\"widget\" data-e-type=\"widget\" data-widget_type=\"formidable.default\">\n\t\t\t\t<div class=\"elementor-widget-container\">\n\t\t\t\t\t<div class=\"frm_forms  with_frm_style frm_style_style-formidable\" id=\"frm_form_1_container\" >\n<form enctype=\"multipart\/form-data\" method=\"post\" class=\"frm-show-form  frm_js_validate  frm_ajax_submit  frm_pro_form \" id=\"form_contact-form\" >\n<div class=\"frm_form_fields \">\n<fieldset>\n<legend class=\"frm_screen_reader\">Demande de contact<\/legend>\r\n\r\n<div class=\"frm_fields_container\">\n<input type=\"hidden\" name=\"frm_action\" value=\"create\" \/>\n<input type=\"hidden\" name=\"form_id\" value=\"1\" \/>\n<input type=\"hidden\" name=\"frm_hide_fields_1\" id=\"frm_hide_fields_1\" value=\"\" \/>\n<input type=\"hidden\" name=\"form_key\" value=\"contact-form\" \/>\n<input type=\"hidden\" name=\"item_meta[0]\" value=\"\" \/>\n<input type=\"hidden\" id=\"frm_submit_entry_1\" name=\"frm_submit_entry_1\" value=\"52b628148c\" \/><input type=\"hidden\" name=\"_wp_http_referer\" value=\"\/accueil-point-secu\/wp-json\/wp\/v2\/pages\/846\" \/><div id=\"frm_field_1_container\" class=\"frm_form_field form-field  frm_required_field frm_top_container frm_first frm_half\">\r\n\t<label for=\"field_qh4icy\" id=\"field_qh4icy_label\" class=\"frm_primary_label\">\r\n\t\t<span class=\"frm_required\" aria-hidden=\"true\">*<\/span>\r\n\t<\/label>\r\n\t<input  type=\"text\" id=\"field_qh4icy\" name=\"item_meta[1]\" value=\"\"  placeholder=\"Pr\u00e9nom\" data-reqmsg=\"Ce champ ne peut pas \u00eatre vide.\" aria-required=\"true\" data-invmsg=\"Ce champ est non valide\" aria-invalid=\"false\"   \/>\r\n\t\r\n\t\r\n<\/div>\n<div id=\"frm_field_2_container\" class=\"frm_form_field form-field  frm_required_field frm_hidden_container frm_half\">\r\n\t<label for=\"field_ocfup1\" id=\"field_ocfup1_label\" class=\"frm_primary_label\">\r\n\t\t<span class=\"frm_required\" aria-hidden=\"true\">*<\/span>\r\n\t<\/label>\r\n\t<input  type=\"text\" id=\"field_ocfup1\" name=\"item_meta[2]\" value=\"\"  placeholder=\"Nom\" data-reqmsg=\"Ce champ ne peut pas \u00eatre vide.\" aria-required=\"true\" data-invmsg=\"Ce champ est non valide\" aria-invalid=\"false\"   \/>\r\n\t\r\n\t\r\n<\/div>\n<div id=\"frm_field_3_container\" class=\"frm_form_field form-field  frm_required_field frm_top_container frm_full\">\r\n\t<label for=\"field_29yf4d\" id=\"field_29yf4d_label\" class=\"frm_primary_label\">Votre adresse mail\r\n\t\t<span class=\"frm_required\" aria-hidden=\"true\">*<\/span>\r\n\t<\/label>\r\n\t<input type=\"email\" id=\"field_29yf4d\" name=\"item_meta[3]\" value=\"\"  data-reqmsg=\"Votre adresse mail ne peut pas \u00eatre vide.\" aria-required=\"true\" data-invmsg=\"Please enter a valid email address\" aria-invalid=\"false\"  \/>\r\n\t\r\n\t\r\n<\/div>\n<div id=\"frm_field_conf_3_container\" class=\"frm_form_field frm_hidden_container frm_conf_field form-field  frm_required_field frm_top_container frm_full\">\r\n\t<label for=\"field_conf_29yf4d\" id=\"field_conf_29yf4d_label\" class=\"frm_conf_label frm_primary_label\">Valider Votre adresse mail\r\n\t\t<span class=\"frm_required\" aria-hidden=\"true\">*<\/span>\r\n\t<\/label>\r\n\t<input type=\"email\" id=\"field_conf_29yf4d\" name=\"item_meta[conf_3]\" value=\"\"  data-reqmsg=\"Valider Votre adresse mail ne peut pas \u00eatre vide.\" aria-required=\"true\" data-confmsg=\"Les valeurs saisies ne correspondent pas.\" data-invmsg=\"Please enter a valid email address\" aria-invalid=\"false\"   aria-describedby=\"frm_desc_field_conf_29yf4d\"\/>\r\n\t<div class=\"frm_description\" id=\"frm_desc_field_conf_29yf4d\">Confirmation de votre adresse mail<\/div>\r\n\t\r\n<\/div>\n<div id=\"frm_field_1067_container\" class=\"frm_form_field form-field  frm_required_field frm_top_container\">\r\n\t<label for=\"field_dlq7p\" id=\"field_dlq7p_label\" class=\"frm_primary_label\">Num\u00e9ro de t\u00e9l\u00e9phone\r\n\t\t<span class=\"frm_required\" aria-hidden=\"true\">*<\/span>\r\n\t<\/label>\r\n\t<input type=\"tel\" id=\"field_dlq7p\" name=\"item_meta[1067]\" value=\"\"  data-reqmsg=\"Num\u00e9ro de t\u00e9l\u00e9phone ne peut pas \u00eatre vide.\" aria-required=\"true\" data-invmsg=\"Num\u00e9ro de t\u00e9l\u00e9phone est non valide\" aria-invalid=\"false\" pattern=\"((\\+\\d{1,3}(-|.| )?\\(?\\d\\)?(-| |.)?\\d{1,5})|(\\(?\\d{2,6}\\)?))(-|.| )?(\\d{3,4})(-|.| )?(\\d{4})(( x| ext)\\d{1,5}){0,1}$\"  \/>\r\n\t\r\n\t\r\n<\/div>\n<div id=\"frm_field_5_container\" class=\"frm_form_field form-field  frm_required_field frm_top_container frm_full\">\r\n\t<label for=\"field_9jv0r1\" id=\"field_9jv0r1_label\" class=\"frm_primary_label\">D\u00e9crivez votre demande\r\n\t\t<span class=\"frm_required\" aria-hidden=\"true\">*<\/span>\r\n\t<\/label>\r\n\t<textarea name=\"item_meta[5]\" id=\"field_9jv0r1\" rows=\"5\"  data-reqmsg=\"D\u00e9crivez votre demande ne peut pas \u00eatre vide.\" aria-required=\"true\" data-invmsg=\"D\u00e9crivez votre demande est non valide\" aria-invalid=\"false\"  ><\/textarea>\r\n\t\r\n\t\r\n<\/div>\n<div id=\"frm_field_25_container\" class=\"frm_form_field form-field \">\r\n\t<div class=\"frm_submit frm_flex\">\r\n<button class=\"frm_button_submit frm_final_submit\" type=\"submit\"   formnovalidate=\"formnovalidate\">Envoyer<\/button>\r\n\r\n\r\n\r\n<\/div>\r\n<\/div>\n\t<input type=\"hidden\" name=\"item_key\" value=\"\" \/>\n\t\t\t<div id=\"frm_field_1379_container\">\n\t\t\t<label for=\"field_deq3v\" >\n\t\t\t\tSi vous \u00eates un humain, ne remplissez pas ce champ.\t\t\t<\/label>\n\t\t\t<input  id=\"field_deq3v\" type=\"text\" class=\"frm_form_field form-field frm_verify\" name=\"item_meta[1379]\" value=\"\"  \/>\n\t\t<\/div>\n\t\t<input name=\"frm_state\" type=\"hidden\" value=\"sk12m0slEMixM1rKUQ0etlnWFcmrVb9gIoJ\/A4UDd\/SQFR1\/u\/2PPjCsmoPlymFW\" \/><\/div>\n<\/fieldset>\n<\/div>\n\n<p style=\"display: none !important;\" class=\"akismet-fields-container\" data-prefix=\"ak_\"><label>&#916;<textarea name=\"ak_hp_textarea\" cols=\"45\" rows=\"8\" maxlength=\"100\"><\/textarea><\/label><input type=\"hidden\" id=\"ak_js_1\" name=\"ak_js\" value=\"88\"\/><script>document.getElementById( \"ak_js_1\" ).setAttribute( \"value\", ( new Date() ).getTime() );<\/script><\/p><\/form>\n<\/div>\n\t\t\t\t<\/div>\n\t\t\t\t<\/div>\n\t\t\t\t\t<\/div>\n\t\t\t\t<\/div>\n\t\t\t\t<\/div>\n\t\t","protected":false},"excerpt":{"rendered":"<p>Demande de contact * * Votre adresse mail * Valider Votre adresse mail * Confirmation de votre adresse mail Num\u00e9ro de t\u00e9l\u00e9phone * D\u00e9crivez votre demande * Envoyer Si vous \u00eates un humain, ne remplissez pas ce champ. &#916;<\/p>\n","protected":false},"author":251454031,"featured_media":0,"parent":0,"menu_order":0,"comment_status":"closed","ping_status":"closed","template":"","meta":{"jetpack_post_was_ever_published":false,"footnotes":""},"class_list":["post-846","page","type-page","status-publish","hentry"],"yoast_head":"<!-- This site is optimized with the Yoast SEO plugin v27.3 - https:\/\/yoast.com\/product\/yoast-seo-wordpress\/ -->\n<title>Contacts - Point S\u00e9cu.<\/title>\n<meta name=\"robots\" content=\"index, follow, max-snippet:-1, max-image-preview:large, max-video-preview:-1\" \/>\n<link rel=\"canonical\" href=\"https:\/\/point-secu.com\/accueil-point-secu\/contacts\/\" \/>\n<meta property=\"og:locale\" content=\"fr_FR\" \/>\n<meta property=\"og:type\" content=\"article\" \/>\n<meta property=\"og:title\" content=\"Contacts - Point S\u00e9cu.\" \/>\n<meta property=\"og:description\" content=\"Demande de contact * * Votre adresse mail * Valider Votre adresse mail * Confirmation de votre adresse mail Num\u00e9ro de t\u00e9l\u00e9phone * D\u00e9crivez votre demande * Envoyer Si vous \u00eates un humain, ne remplissez pas ce champ. &#916;\" \/>\n<meta property=\"og:url\" content=\"https:\/\/point-secu.com\/accueil-point-secu\/contacts\/\" \/>\n<meta property=\"og:site_name\" content=\"Point S\u00e9cu.\" \/>\n<meta property=\"article:publisher\" content=\"https:\/\/www.facebook.com\/profile.php?id=61565811425035&amp;locale=fr_FR\" \/>\n<meta property=\"article:modified_time\" content=\"2025-07-14T19:01:58+00:00\" \/>\n<meta property=\"og:image\" content=\"https:\/\/point-secu.com\/wp-content\/uploads\/2024\/09\/cropped-Icon_POINTSECU.jpeg\" \/>\n\t<meta property=\"og:image:width\" content=\"512\" \/>\n\t<meta property=\"og:image:height\" content=\"512\" \/>\n\t<meta property=\"og:image:type\" content=\"image\/jpeg\" \/>\n<meta name=\"twitter:card\" content=\"summary_large_image\" \/>\n<meta name=\"twitter:label1\" content=\"Dur\u00e9e de lecture estim\u00e9e\" \/>\n\t<meta name=\"twitter:data1\" content=\"1 minute\" \/>\n<script type=\"application\/ld+json\" class=\"yoast-schema-graph\">{\"@context\":\"https:\\\/\\\/schema.org\",\"@graph\":[{\"@type\":\"WebPage\",\"@id\":\"https:\\\/\\\/point-secu.com\\\/accueil-point-secu\\\/contacts\\\/\",\"url\":\"https:\\\/\\\/point-secu.com\\\/accueil-point-secu\\\/contacts\\\/\",\"name\":\"Contacts - Point S\u00e9cu.\",\"isPartOf\":{\"@id\":\"https:\\\/\\\/point-secu.com\\\/accueil-point-secu\\\/#website\"},\"datePublished\":\"2024-09-05T12:50:07+00:00\",\"dateModified\":\"2025-07-14T19:01:58+00:00\",\"breadcrumb\":{\"@id\":\"https:\\\/\\\/point-secu.com\\\/accueil-point-secu\\\/contacts\\\/#breadcrumb\"},\"inLanguage\":\"fr-FR\",\"potentialAction\":[{\"@type\":\"ReadAction\",\"target\":[\"https:\\\/\\\/point-secu.com\\\/accueil-point-secu\\\/contacts\\\/\"]}]},{\"@type\":\"BreadcrumbList\",\"@id\":\"https:\\\/\\\/point-secu.com\\\/accueil-point-secu\\\/contacts\\\/#breadcrumb\",\"itemListElement\":[{\"@type\":\"ListItem\",\"position\":1,\"name\":\"Accueil\",\"item\":\"https:\\\/\\\/point-secu.com\\\/accueil-point-secu\\\/\"},{\"@type\":\"ListItem\",\"position\":2,\"name\":\"Contacts\"}]},{\"@type\":\"WebSite\",\"@id\":\"https:\\\/\\\/point-secu.com\\\/accueil-point-secu\\\/#website\",\"url\":\"https:\\\/\\\/point-secu.com\\\/accueil-point-secu\\\/\",\"name\":\"Point S\u00e9cu.\",\"description\":\"La premi\u00e8re plateforme de s\u00e9curit\u00e9 sociale pour tous.\",\"publisher\":{\"@id\":\"https:\\\/\\\/point-secu.com\\\/accueil-point-secu\\\/#organization\"},\"potentialAction\":[{\"@type\":\"SearchAction\",\"target\":{\"@type\":\"EntryPoint\",\"urlTemplate\":\"https:\\\/\\\/point-secu.com\\\/accueil-point-secu\\\/?s={search_term_string}\"},\"query-input\":{\"@type\":\"PropertyValueSpecification\",\"valueRequired\":true,\"valueName\":\"search_term_string\"}}],\"inLanguage\":\"fr-FR\"},{\"@type\":\"Organization\",\"@id\":\"https:\\\/\\\/point-secu.com\\\/accueil-point-secu\\\/#organization\",\"name\":\"Point S\u00e9cu.\",\"url\":\"https:\\\/\\\/point-secu.com\\\/accueil-point-secu\\\/\",\"logo\":{\"@type\":\"ImageObject\",\"inLanguage\":\"fr-FR\",\"@id\":\"https:\\\/\\\/point-secu.com\\\/accueil-point-secu\\\/#\\\/schema\\\/logo\\\/image\\\/\",\"url\":\"https:\\\/\\\/point-secu.com\\\/wp-content\\\/uploads\\\/2024\\\/09\\\/Logo_Couleur-2.png\",\"contentUrl\":\"https:\\\/\\\/point-secu.com\\\/wp-content\\\/uploads\\\/2024\\\/09\\\/Logo_Couleur-2.png\",\"width\":1344,\"height\":255,\"caption\":\"Point S\u00e9cu.\"},\"image\":{\"@id\":\"https:\\\/\\\/point-secu.com\\\/accueil-point-secu\\\/#\\\/schema\\\/logo\\\/image\\\/\"},\"sameAs\":[\"https:\\\/\\\/www.facebook.com\\\/profile.php?id=61565811425035&locale=fr_FR\",\"https:\\\/\\\/www.instagram.com\\\/point_secu_officiel\\\/\"]}]}<\/script>\n<!-- \/ Yoast SEO plugin. -->","yoast_head_json":{"title":"Contacts - Point S\u00e9cu.","robots":{"index":"index","follow":"follow","max-snippet":"max-snippet:-1","max-image-preview":"max-image-preview:large","max-video-preview":"max-video-preview:-1"},"canonical":"https:\/\/point-secu.com\/accueil-point-secu\/contacts\/","og_locale":"fr_FR","og_type":"article","og_title":"Contacts - Point S\u00e9cu.","og_description":"Demande de contact * * Votre adresse mail * Valider Votre adresse mail * Confirmation de votre adresse mail Num\u00e9ro de t\u00e9l\u00e9phone * D\u00e9crivez votre demande * Envoyer Si vous \u00eates un humain, ne remplissez pas ce champ. &#916;","og_url":"https:\/\/point-secu.com\/accueil-point-secu\/contacts\/","og_site_name":"Point S\u00e9cu.","article_publisher":"https:\/\/www.facebook.com\/profile.php?id=61565811425035&locale=fr_FR","article_modified_time":"2025-07-14T19:01:58+00:00","og_image":[{"width":512,"height":512,"url":"https:\/\/point-secu.com\/wp-content\/uploads\/2024\/09\/cropped-Icon_POINTSECU.jpeg","type":"image\/jpeg"}],"twitter_card":"summary_large_image","twitter_misc":{"Dur\u00e9e de lecture estim\u00e9e":"1 minute"},"schema":{"@context":"https:\/\/schema.org","@graph":[{"@type":"WebPage","@id":"https:\/\/point-secu.com\/accueil-point-secu\/contacts\/","url":"https:\/\/point-secu.com\/accueil-point-secu\/contacts\/","name":"Contacts - Point S\u00e9cu.","isPartOf":{"@id":"https:\/\/point-secu.com\/accueil-point-secu\/#website"},"datePublished":"2024-09-05T12:50:07+00:00","dateModified":"2025-07-14T19:01:58+00:00","breadcrumb":{"@id":"https:\/\/point-secu.com\/accueil-point-secu\/contacts\/#breadcrumb"},"inLanguage":"fr-FR","potentialAction":[{"@type":"ReadAction","target":["https:\/\/point-secu.com\/accueil-point-secu\/contacts\/"]}]},{"@type":"BreadcrumbList","@id":"https:\/\/point-secu.com\/accueil-point-secu\/contacts\/#breadcrumb","itemListElement":[{"@type":"ListItem","position":1,"name":"Accueil","item":"https:\/\/point-secu.com\/accueil-point-secu\/"},{"@type":"ListItem","position":2,"name":"Contacts"}]},{"@type":"WebSite","@id":"https:\/\/point-secu.com\/accueil-point-secu\/#website","url":"https:\/\/point-secu.com\/accueil-point-secu\/","name":"Point S\u00e9cu.","description":"La premi\u00e8re plateforme de s\u00e9curit\u00e9 sociale pour tous.","publisher":{"@id":"https:\/\/point-secu.com\/accueil-point-secu\/#organization"},"potentialAction":[{"@type":"SearchAction","target":{"@type":"EntryPoint","urlTemplate":"https:\/\/point-secu.com\/accueil-point-secu\/?s={search_term_string}"},"query-input":{"@type":"PropertyValueSpecification","valueRequired":true,"valueName":"search_term_string"}}],"inLanguage":"fr-FR"},{"@type":"Organization","@id":"https:\/\/point-secu.com\/accueil-point-secu\/#organization","name":"Point S\u00e9cu.","url":"https:\/\/point-secu.com\/accueil-point-secu\/","logo":{"@type":"ImageObject","inLanguage":"fr-FR","@id":"https:\/\/point-secu.com\/accueil-point-secu\/#\/schema\/logo\/image\/","url":"https:\/\/point-secu.com\/wp-content\/uploads\/2024\/09\/Logo_Couleur-2.png","contentUrl":"https:\/\/point-secu.com\/wp-content\/uploads\/2024\/09\/Logo_Couleur-2.png","width":1344,"height":255,"caption":"Point S\u00e9cu."},"image":{"@id":"https:\/\/point-secu.com\/accueil-point-secu\/#\/schema\/logo\/image\/"},"sameAs":["https:\/\/www.facebook.com\/profile.php?id=61565811425035&locale=fr_FR","https:\/\/www.instagram.com\/point_secu_officiel\/"]}]}},"jetpack_likes_enabled":true,"jetpack_sharing_enabled":true,"jetpack_shortlink":"https:\/\/wp.me\/Pg7wzo-dE","jetpack-related-posts":[{"id":824,"url":"https:\/\/point-secu.com\/accueil-point-secu\/contacter-point-secu\/","url_meta":{"origin":846,"position":0},"title":"Contacter Point S\u00e9cu","author":"Maxime Bisiau","date":"5 septembre 2024","format":false,"excerpt":"Une question pour Point S\u00e9cu. Important : si votre question concerne l'analyse d'une situation personnelle relative \u00e0 vos droits, Point S\u00e9cu. ne pourra pas vous r\u00e9pondre : le conseil juridique relevant de la seule profession d'Avocat.\u00a0Si besoin, nous pourrons n\u00e9anmoins vous orienter vers un avocat que nous connaissons.\u00a0Contactez-nous via ce\u2026","rel":"","context":"Article similaire","block_context":{"text":"Article similaire","link":""},"img":{"alt_text":"","src":"","width":0,"height":0},"classes":[]},{"id":1549,"url":"https:\/\/point-secu.com\/accueil-point-secu\/","url_meta":{"origin":846,"position":1},"title":"Point S\u00e9cu","author":"Maxime Bisiau","date":"22 octobre 2024","format":false,"excerpt":"Simulez l'indemnisation de votre rente accident du travail et maladie professionnelle *Point S\u00e9cu. est une entreprise priv\u00e9e ind\u00e9pendante de la S\u00e9curit\u00e9 Sociale. Vous souhaitez\u00a0conna\u00eetre le montant de votre rente accident du travail ou maladie professionnelle ? Simulez le montant de votre rente avec le simulateur de rente Point S\u00e9cu :\u2026","rel":"","context":"Article similaire","block_context":{"text":"Article similaire","link":""},"img":{"alt_text":"","src":"https:\/\/i0.wp.com\/point-secu.com\/wp-content\/uploads\/2024\/06\/Icon_POINTSECU-1.jpeg?resize=350%2C200&ssl=1","width":350,"height":200,"srcset":"https:\/\/i0.wp.com\/point-secu.com\/wp-content\/uploads\/2024\/06\/Icon_POINTSECU-1.jpeg?resize=350%2C200&ssl=1 1x, https:\/\/i0.wp.com\/point-secu.com\/wp-content\/uploads\/2024\/06\/Icon_POINTSECU-1.jpeg?resize=525%2C300&ssl=1 1.5x, https:\/\/i0.wp.com\/point-secu.com\/wp-content\/uploads\/2024\/06\/Icon_POINTSECU-1.jpeg?resize=700%2C400&ssl=1 2x, https:\/\/i0.wp.com\/point-secu.com\/wp-content\/uploads\/2024\/06\/Icon_POINTSECU-1.jpeg?resize=1050%2C600&ssl=1 3x, https:\/\/i0.wp.com\/point-secu.com\/wp-content\/uploads\/2024\/06\/Icon_POINTSECU-1.jpeg?resize=1400%2C800&ssl=1 4x"},"classes":[]},{"id":1038,"url":"https:\/\/point-secu.com\/accueil-point-secu\/comprendre-taux-incapacite-permanente\/","url_meta":{"origin":846,"position":2},"title":"Comprendre le taux d&rsquo;Incapacit\u00e9 Permanente","author":"Maxime Bisiau","date":"22 septembre 2024","format":false,"excerpt":"Comprendre le taux d'incapacit\u00e9 permanente Le taux d\u2019incapacit\u00e9 permanente Partielle (IPP) constitue un \u00e9l\u00e9ment essentiel de l'indemnisation des personnes victimes d\u2019un accident du travail ou d\u2019une maladie professionnelle. Ce taux d\u00e9termine non seulement la gravit\u00e9 des s\u00e9quelles laiss\u00e9es par l\u2019accident ou la maladie, mais aussi le montant de l'indemnisation \u00e0\u2026","rel":"","context":"Article similaire","block_context":{"text":"Article similaire","link":""},"img":{"alt_text":"","src":"","width":0,"height":0},"classes":[]},{"id":1422,"url":"https:\/\/point-secu.com\/accueil-point-secu\/simulateur-rente-ipp-accident-du-travail-maladie-professionnelle\/","url_meta":{"origin":846,"position":3},"title":"Simulateur de rente accident du travail et maladie professionnelle","author":"Maxime Bisiau","date":"17 octobre 2024","format":false,"excerpt":"Simulateur de rente IPP \u2013 Calculez votre indemnisation apr\u00e8s un accident du travail ou une maladie professionnelle Vous avez \u00e9t\u00e9 victime d\u2019un accident du travail ou d\u2019une maladie professionnelle et la CPAM a fix\u00e9 un taux d\u2019incapacit\u00e9 permanente (IPP) ?Notre simulateur de rente IPP, mis \u00e0 jour en 2025, vous\u2026","rel":"","context":"Article similaire","block_context":{"text":"Article similaire","link":""},"img":{"alt_text":"","src":"","width":0,"height":0},"classes":[]}],"_links":{"self":[{"href":"https:\/\/point-secu.com\/accueil-point-secu\/wp-json\/wp\/v2\/pages\/846","targetHints":{"allow":["GET"]}}],"collection":[{"href":"https:\/\/point-secu.com\/accueil-point-secu\/wp-json\/wp\/v2\/pages"}],"about":[{"href":"https:\/\/point-secu.com\/accueil-point-secu\/wp-json\/wp\/v2\/types\/page"}],"author":[{"embeddable":true,"href":"https:\/\/point-secu.com\/accueil-point-secu\/wp-json\/wp\/v2\/users\/251454031"}],"replies":[{"embeddable":true,"href":"https:\/\/point-secu.com\/accueil-point-secu\/wp-json\/wp\/v2\/comments?post=846"}],"version-history":[{"count":14,"href":"https:\/\/point-secu.com\/accueil-point-secu\/wp-json\/wp\/v2\/pages\/846\/revisions"}],"predecessor-version":[{"id":2326,"href":"https:\/\/point-secu.com\/accueil-point-secu\/wp-json\/wp\/v2\/pages\/846\/revisions\/2326"}],"wp:attachment":[{"href":"https:\/\/point-secu.com\/accueil-point-secu\/wp-json\/wp\/v2\/media?parent=846"}],"curies":[{"name":"wp","href":"https:\/\/api.w.org\/{rel}","templated":true}]}}