{"id":1549,"date":"2024-10-22T22:56:12","date_gmt":"2024-10-22T20:56:12","guid":{"rendered":"https:\/\/point-secu.com\/?page_id=1549"},"modified":"2025-08-10T18:26:54","modified_gmt":"2025-08-10T16:26:54","slug":"accueil-point-secu","status":"publish","type":"page","link":"https:\/\/point-secu.com\/accueil-point-secu\/","title":{"rendered":"Point S\u00e9cu"},"content":{"rendered":"\t\t<div data-elementor-type=\"wp-post\" data-elementor-id=\"1549\" class=\"elementor elementor-1549\" data-elementor-post-type=\"page\">\n\t\t\t\t<div class=\"elementor-element elementor-element-d513ef0 e-flex e-con-boxed e-con e-parent\" data-id=\"d513ef0\" data-element_type=\"container\" data-e-type=\"container\">\n\t\t\t\t\t<div class=\"e-con-inner\">\n\t\t\t\t<div class=\"elementor-element elementor-element-2ebf5a7 elementor-widget elementor-widget-heading\" data-id=\"2ebf5a7\" data-element_type=\"widget\" data-e-type=\"widget\" data-widget_type=\"heading.default\">\n\t\t\t\t<div class=\"elementor-widget-container\">\n\t\t\t\t\t<h1 class=\"elementor-heading-title elementor-size-default\"><br>Simulez l'indemnisation de votre rente accident du travail et maladie professionnelle<\/h1>\t\t\t\t<\/div>\n\t\t\t\t<\/div>\n\t\t<div class=\"elementor-element elementor-element-6b8ec75 e-con-full e-flex e-con e-child\" data-id=\"6b8ec75\" data-element_type=\"container\" data-e-type=\"container\">\n\t\t\t\t<div class=\"elementor-element elementor-element-2559eaa elementor-widget elementor-widget-text-editor\" data-id=\"2559eaa\" data-element_type=\"widget\" data-e-type=\"widget\" data-widget_type=\"text-editor.default\">\n\t\t\t\t<div class=\"elementor-widget-container\">\n\t\t\t\t\t\t\t\t\t<blockquote><p>*<em>Point S\u00e9cu. est une entreprise priv\u00e9e ind\u00e9pendante de la S\u00e9curit\u00e9 Sociale.<\/em><\/p><\/blockquote>\t\t\t\t\t\t\t\t<\/div>\n\t\t\t\t<\/div>\n\t\t\t\t<div class=\"elementor-element elementor-element-f620d4d elementor-widget-divider--view-line elementor-widget elementor-widget-divider\" data-id=\"f620d4d\" data-element_type=\"widget\" data-e-type=\"widget\" data-widget_type=\"divider.default\">\n\t\t\t\t<div class=\"elementor-widget-container\">\n\t\t\t\t\t\t\t<div class=\"elementor-divider\">\n\t\t\t<span class=\"elementor-divider-separator\">\n\t\t\t\t\t\t<\/span>\n\t\t<\/div>\n\t\t\t\t\t\t<\/div>\n\t\t\t\t<\/div>\n\t\t\t\t<\/div>\n\t\t<div class=\"elementor-element elementor-element-d173118 e-con-full e-flex e-con e-child\" data-id=\"d173118\" data-element_type=\"container\" data-e-type=\"container\">\n\t\t\t\t<div class=\"elementor-element elementor-element-4ba237b elementor-widget elementor-widget-text-editor\" data-id=\"4ba237b\" data-element_type=\"widget\" data-e-type=\"widget\" data-widget_type=\"text-editor.default\">\n\t\t\t\t<div class=\"elementor-widget-container\">\n\t\t\t\t\t\t\t\t\t<p>Vous souhaitez\u00a0<strong>conna\u00eetre le montant de votre rente<\/strong> accident du travail ou maladie professionnelle ? Simulez le montant de votre rente avec le simulateur de rente Point S\u00e9cu :<\/p>\t\t\t\t\t\t\t\t<\/div>\n\t\t\t\t<\/div>\n\t\t\t\t<div class=\"elementor-element elementor-element-8547d3f elementor-align-center e-transform elementor-widget elementor-widget-button\" data-id=\"8547d3f\" data-element_type=\"widget\" data-e-type=\"widget\" data-settings=\"{&quot;_transform_scale_effect&quot;:{&quot;unit&quot;:&quot;px&quot;,&quot;size&quot;:1.2,&quot;sizes&quot;:[]},&quot;_transform_scale_effect_tablet&quot;:{&quot;unit&quot;:&quot;px&quot;,&quot;size&quot;:&quot;&quot;,&quot;sizes&quot;:[]},&quot;_transform_scale_effect_mobile&quot;:{&quot;unit&quot;:&quot;px&quot;,&quot;size&quot;:&quot;&quot;,&quot;sizes&quot;:[]}}\" data-widget_type=\"button.default\">\n\t\t\t\t<div class=\"elementor-widget-container\">\n\t\t\t\t\t\t\t\t\t<div class=\"elementor-button-wrapper\">\n\t\t\t\t\t<a class=\"elementor-button elementor-button-link elementor-size-sm elementor-animation-grow\" href=\"https:\/\/point-secu.com\/accueil-point-secu\/simulateur-rente-ipp-accident-du-travail-maladie-professionnelle\/\" target=\"_blank\">\n\t\t\t\t\t\t<span class=\"elementor-button-content-wrapper\">\n\t\t\t\t\t\t\t\t\t<span class=\"elementor-button-text\">Simulez gratuitement le montant de votre indemnisation<\/span>\n\t\t\t\t\t<\/span>\n\t\t\t\t\t<\/a>\n\t\t\t\t<\/div>\n\t\t\t\t\t\t\t\t<\/div>\n\t\t\t\t<\/div>\n\t\t\t\t<div class=\"elementor-element elementor-element-39eadc8 elementor-widget-divider--view-line elementor-widget elementor-widget-divider\" data-id=\"39eadc8\" data-element_type=\"widget\" data-e-type=\"widget\" data-widget_type=\"divider.default\">\n\t\t\t\t<div class=\"elementor-widget-container\">\n\t\t\t\t\t\t\t<div class=\"elementor-divider\">\n\t\t\t<span class=\"elementor-divider-separator\">\n\t\t\t\t\t\t<\/span>\n\t\t<\/div>\n\t\t\t\t\t\t<\/div>\n\t\t\t\t<\/div>\n\t\t\t\t<\/div>\n\t\t\t\t<div class=\"elementor-element elementor-element-2dd7610 elementor-widget elementor-widget-text-editor\" data-id=\"2dd7610\" data-element_type=\"widget\" data-e-type=\"widget\" data-widget_type=\"text-editor.default\">\n\t\t\t\t<div class=\"elementor-widget-container\">\n\t\t\t\t\t\t\t\t\t<p><strong>Une question ?<\/strong><\/p>\t\t\t\t\t\t\t\t<\/div>\n\t\t\t\t<\/div>\n\t\t\t\t<div class=\"elementor-element elementor-element-1388d8c elementor-align-center e-transform elementor-widget elementor-widget-button\" data-id=\"1388d8c\" data-element_type=\"widget\" data-e-type=\"widget\" data-settings=\"{&quot;_transform_scale_effect&quot;:{&quot;unit&quot;:&quot;px&quot;,&quot;size&quot;:1.2,&quot;sizes&quot;:[]},&quot;_transform_scale_effect_tablet&quot;:{&quot;unit&quot;:&quot;px&quot;,&quot;size&quot;:&quot;&quot;,&quot;sizes&quot;:[]},&quot;_transform_scale_effect_mobile&quot;:{&quot;unit&quot;:&quot;px&quot;,&quot;size&quot;:&quot;&quot;,&quot;sizes&quot;:[]}}\" data-widget_type=\"button.default\">\n\t\t\t\t<div class=\"elementor-widget-container\">\n\t\t\t\t\t\t\t\t\t<div class=\"elementor-button-wrapper\">\n\t\t\t\t\t<a class=\"elementor-button elementor-button-link elementor-size-sm elementor-animation-grow\" href=\"https:\/\/point-secu.com\/contacts\/\" target=\"_blank\">\n\t\t\t\t\t\t<span class=\"elementor-button-content-wrapper\">\n\t\t\t\t\t\t\t\t\t<span class=\"elementor-button-text\">Contactez-nous<\/span>\n\t\t\t\t\t<\/span>\n\t\t\t\t\t<\/a>\n\t\t\t\t<\/div>\n\t\t\t\t\t\t\t\t<\/div>\n\t\t\t\t<\/div>\n\t\t\t\t<div class=\"elementor-element elementor-element-357a5a4 elementor-widget-divider--view-line elementor-widget elementor-widget-divider\" data-id=\"357a5a4\" data-element_type=\"widget\" data-e-type=\"widget\" data-widget_type=\"divider.default\">\n\t\t\t\t<div class=\"elementor-widget-container\">\n\t\t\t\t\t\t\t<div class=\"elementor-divider\">\n\t\t\t<span class=\"elementor-divider-separator\">\n\t\t\t\t\t\t<\/span>\n\t\t<\/div>\n\t\t\t\t\t\t<\/div>\n\t\t\t\t<\/div>\n\t\t\t\t\t<\/div>\n\t\t\t\t<\/div>\n\t\t\t\t<\/div>\n\t\t","protected":false},"excerpt":{"rendered":"<p>Simulez l&rsquo;indemnisation de votre rente accident du travail et maladie professionnelle *Point S\u00e9cu. est une entreprise priv\u00e9e ind\u00e9pendante de la S\u00e9curit\u00e9 Sociale. Vous souhaitez\u00a0conna\u00eetre le montant de votre rente accident du travail ou maladie professionnelle ? Simulez le montant de votre rente avec le simulateur de rente Point S\u00e9cu : Simulez gratuitement le montant de [&hellip;]<\/p>\n","protected":false},"author":251454031,"featured_media":1742,"parent":0,"menu_order":0,"comment_status":"closed","ping_status":"closed","template":"","meta":{"jetpack_post_was_ever_published":false,"footnotes":""},"class_list":["post-1549","page","type-page","status-publish","has-post-thumbnail","hentry"],"yoast_head":"<!-- This site is optimized with the Yoast SEO plugin v27.3 - https:\/\/yoast.com\/product\/yoast-seo-wordpress\/ -->\n<title>Point S\u00e9cu - Simulateur de rente<\/title>\n<meta name=\"description\" content=\"Victimes d&#039;un accident du travail, d&#039;une maladie professionnelle ou d&#039;une faute inexcusable ? Simulez le montant de votre rente..\" \/>\n<meta name=\"robots\" content=\"index, follow, max-snippet:-1, max-image-preview:large, max-video-preview:-1\" \/>\n<link rel=\"canonical\" href=\"https:\/\/point-secu.com\/accueil-point-secu\/\" \/>\n<meta property=\"og:locale\" content=\"fr_FR\" \/>\n<meta property=\"og:type\" content=\"article\" \/>\n<meta property=\"og:title\" content=\"Point S\u00e9cu - Simulateur de rente\" \/>\n<meta property=\"og:description\" content=\"Victimes d&#039;un accident du travail, d&#039;une maladie professionnelle ou d&#039;une faute inexcusable ? Simulez le montant de votre rente..\" \/>\n<meta property=\"og:url\" content=\"https:\/\/point-secu.com\/accueil-point-secu\/\" \/>\n<meta property=\"og:site_name\" content=\"Point S\u00e9cu.\" \/>\n<meta property=\"article:publisher\" content=\"https:\/\/www.facebook.com\/profile.php?id=61565811425035&amp;locale=fr_FR\" \/>\n<meta property=\"article:modified_time\" content=\"2025-08-10T16:26:54+00:00\" \/>\n<meta property=\"og:image\" content=\"https:\/\/point-secu.com\/wp-content\/uploads\/2024\/06\/Icon_POINTSECU-1.jpeg\" \/>\n\t<meta property=\"og:image:width\" content=\"2134\" \/>\n\t<meta property=\"og:image:height\" content=\"2134\" \/>\n\t<meta property=\"og:image:type\" content=\"image\/jpeg\" \/>\n<meta name=\"twitter:card\" content=\"summary_large_image\" \/>\n<meta name=\"twitter:label1\" content=\"Dur\u00e9e de lecture estim\u00e9e\" \/>\n\t<meta name=\"twitter:data1\" content=\"1 minute\" \/>\n<script type=\"application\/ld+json\" class=\"yoast-schema-graph\">{\"@context\":\"https:\\\/\\\/schema.org\",\"@graph\":[{\"@type\":\"WebPage\",\"@id\":\"https:\\\/\\\/point-secu.com\\\/accueil-point-secu\\\/\",\"url\":\"https:\\\/\\\/point-secu.com\\\/accueil-point-secu\\\/\",\"name\":\"Point S\u00e9cu - Simulateur de rente\",\"isPartOf\":{\"@id\":\"https:\\\/\\\/point-secu.com\\\/accueil-point-secu\\\/#website\"},\"primaryImageOfPage\":{\"@id\":\"https:\\\/\\\/point-secu.com\\\/accueil-point-secu\\\/#primaryimage\"},\"image\":{\"@id\":\"https:\\\/\\\/point-secu.com\\\/accueil-point-secu\\\/#primaryimage\"},\"thumbnailUrl\":\"https:\\\/\\\/point-secu.com\\\/wp-content\\\/uploads\\\/2024\\\/06\\\/Icon_POINTSECU-1.jpeg\",\"datePublished\":\"2024-10-22T20:56:12+00:00\",\"dateModified\":\"2025-08-10T16:26:54+00:00\",\"description\":\"Victimes d'un accident du travail, d'une maladie professionnelle ou d'une faute inexcusable ? Simulez le montant de votre rente..\",\"breadcrumb\":{\"@id\":\"https:\\\/\\\/point-secu.com\\\/accueil-point-secu\\\/#breadcrumb\"},\"inLanguage\":\"fr-FR\",\"potentialAction\":[{\"@type\":\"ReadAction\",\"target\":[\"https:\\\/\\\/point-secu.com\\\/accueil-point-secu\\\/\"]}]},{\"@type\":\"ImageObject\",\"inLanguage\":\"fr-FR\",\"@id\":\"https:\\\/\\\/point-secu.com\\\/accueil-point-secu\\\/#primaryimage\",\"url\":\"https:\\\/\\\/point-secu.com\\\/wp-content\\\/uploads\\\/2024\\\/06\\\/Icon_POINTSECU-1.jpeg\",\"contentUrl\":\"https:\\\/\\\/point-secu.com\\\/wp-content\\\/uploads\\\/2024\\\/06\\\/Icon_POINTSECU-1.jpeg\",\"width\":2134,\"height\":2134},{\"@type\":\"BreadcrumbList\",\"@id\":\"https:\\\/\\\/point-secu.com\\\/accueil-point-secu\\\/#breadcrumb\",\"itemListElement\":[{\"@type\":\"ListItem\",\"position\":1,\"name\":\"Accueil\",\"item\":\"https:\\\/\\\/point-secu.com\\\/accueil-point-secu\\\/\"},{\"@type\":\"ListItem\",\"position\":2,\"name\":\"Point S\u00e9cu\"}]},{\"@type\":\"WebSite\",\"@id\":\"https:\\\/\\\/point-secu.com\\\/accueil-point-secu\\\/#website\",\"url\":\"https:\\\/\\\/point-secu.com\\\/accueil-point-secu\\\/\",\"name\":\"Point S\u00e9cu.\",\"description\":\"La premi\u00e8re plateforme de s\u00e9curit\u00e9 sociale pour tous.\",\"publisher\":{\"@id\":\"https:\\\/\\\/point-secu.com\\\/accueil-point-secu\\\/#organization\"},\"potentialAction\":[{\"@type\":\"SearchAction\",\"target\":{\"@type\":\"EntryPoint\",\"urlTemplate\":\"https:\\\/\\\/point-secu.com\\\/accueil-point-secu\\\/?s={search_term_string}\"},\"query-input\":{\"@type\":\"PropertyValueSpecification\",\"valueRequired\":true,\"valueName\":\"search_term_string\"}}],\"inLanguage\":\"fr-FR\"},{\"@type\":\"Organization\",\"@id\":\"https:\\\/\\\/point-secu.com\\\/accueil-point-secu\\\/#organization\",\"name\":\"Point S\u00e9cu.\",\"url\":\"https:\\\/\\\/point-secu.com\\\/accueil-point-secu\\\/\",\"logo\":{\"@type\":\"ImageObject\",\"inLanguage\":\"fr-FR\",\"@id\":\"https:\\\/\\\/point-secu.com\\\/accueil-point-secu\\\/#\\\/schema\\\/logo\\\/image\\\/\",\"url\":\"https:\\\/\\\/point-secu.com\\\/wp-content\\\/uploads\\\/2024\\\/09\\\/Logo_Couleur-2.png\",\"contentUrl\":\"https:\\\/\\\/point-secu.com\\\/wp-content\\\/uploads\\\/2024\\\/09\\\/Logo_Couleur-2.png\",\"width\":1344,\"height\":255,\"caption\":\"Point S\u00e9cu.\"},\"image\":{\"@id\":\"https:\\\/\\\/point-secu.com\\\/accueil-point-secu\\\/#\\\/schema\\\/logo\\\/image\\\/\"},\"sameAs\":[\"https:\\\/\\\/www.facebook.com\\\/profile.php?id=61565811425035&locale=fr_FR\",\"https:\\\/\\\/www.instagram.com\\\/point_secu_officiel\\\/\"]}]}<\/script>\n<!-- \/ Yoast SEO plugin. -->","yoast_head_json":{"title":"Point S\u00e9cu - Simulateur de rente","description":"Victimes d'un accident du travail, d'une maladie professionnelle ou d'une faute inexcusable ? Simulez le montant de votre rente..","robots":{"index":"index","follow":"follow","max-snippet":"max-snippet:-1","max-image-preview":"max-image-preview:large","max-video-preview":"max-video-preview:-1"},"canonical":"https:\/\/point-secu.com\/accueil-point-secu\/","og_locale":"fr_FR","og_type":"article","og_title":"Point S\u00e9cu - Simulateur de rente","og_description":"Victimes d'un accident du travail, d'une maladie professionnelle ou d'une faute inexcusable ? Simulez le montant de votre rente..","og_url":"https:\/\/point-secu.com\/accueil-point-secu\/","og_site_name":"Point S\u00e9cu.","article_publisher":"https:\/\/www.facebook.com\/profile.php?id=61565811425035&locale=fr_FR","article_modified_time":"2025-08-10T16:26:54+00:00","og_image":[{"width":2134,"height":2134,"url":"https:\/\/point-secu.com\/wp-content\/uploads\/2024\/06\/Icon_POINTSECU-1.jpeg","type":"image\/jpeg"}],"twitter_card":"summary_large_image","twitter_misc":{"Dur\u00e9e de lecture estim\u00e9e":"1 minute"},"schema":{"@context":"https:\/\/schema.org","@graph":[{"@type":"WebPage","@id":"https:\/\/point-secu.com\/accueil-point-secu\/","url":"https:\/\/point-secu.com\/accueil-point-secu\/","name":"Point S\u00e9cu - Simulateur de rente","isPartOf":{"@id":"https:\/\/point-secu.com\/accueil-point-secu\/#website"},"primaryImageOfPage":{"@id":"https:\/\/point-secu.com\/accueil-point-secu\/#primaryimage"},"image":{"@id":"https:\/\/point-secu.com\/accueil-point-secu\/#primaryimage"},"thumbnailUrl":"https:\/\/point-secu.com\/wp-content\/uploads\/2024\/06\/Icon_POINTSECU-1.jpeg","datePublished":"2024-10-22T20:56:12+00:00","dateModified":"2025-08-10T16:26:54+00:00","description":"Victimes d'un accident du travail, d'une maladie professionnelle ou d'une faute inexcusable ? Simulez le montant de votre rente..","breadcrumb":{"@id":"https:\/\/point-secu.com\/accueil-point-secu\/#breadcrumb"},"inLanguage":"fr-FR","potentialAction":[{"@type":"ReadAction","target":["https:\/\/point-secu.com\/accueil-point-secu\/"]}]},{"@type":"ImageObject","inLanguage":"fr-FR","@id":"https:\/\/point-secu.com\/accueil-point-secu\/#primaryimage","url":"https:\/\/point-secu.com\/wp-content\/uploads\/2024\/06\/Icon_POINTSECU-1.jpeg","contentUrl":"https:\/\/point-secu.com\/wp-content\/uploads\/2024\/06\/Icon_POINTSECU-1.jpeg","width":2134,"height":2134},{"@type":"BreadcrumbList","@id":"https:\/\/point-secu.com\/accueil-point-secu\/#breadcrumb","itemListElement":[{"@type":"ListItem","position":1,"name":"Accueil","item":"https:\/\/point-secu.com\/accueil-point-secu\/"},{"@type":"ListItem","position":2,"name":"Point S\u00e9cu"}]},{"@type":"WebSite","@id":"https:\/\/point-secu.com\/accueil-point-secu\/#website","url":"https:\/\/point-secu.com\/accueil-point-secu\/","name":"Point S\u00e9cu.","description":"La premi\u00e8re plateforme de s\u00e9curit\u00e9 sociale pour tous.","publisher":{"@id":"https:\/\/point-secu.com\/accueil-point-secu\/#organization"},"potentialAction":[{"@type":"SearchAction","target":{"@type":"EntryPoint","urlTemplate":"https:\/\/point-secu.com\/accueil-point-secu\/?s={search_term_string}"},"query-input":{"@type":"PropertyValueSpecification","valueRequired":true,"valueName":"search_term_string"}}],"inLanguage":"fr-FR"},{"@type":"Organization","@id":"https:\/\/point-secu.com\/accueil-point-secu\/#organization","name":"Point S\u00e9cu.","url":"https:\/\/point-secu.com\/accueil-point-secu\/","logo":{"@type":"ImageObject","inLanguage":"fr-FR","@id":"https:\/\/point-secu.com\/accueil-point-secu\/#\/schema\/logo\/image\/","url":"https:\/\/point-secu.com\/wp-content\/uploads\/2024\/09\/Logo_Couleur-2.png","contentUrl":"https:\/\/point-secu.com\/wp-content\/uploads\/2024\/09\/Logo_Couleur-2.png","width":1344,"height":255,"caption":"Point S\u00e9cu."},"image":{"@id":"https:\/\/point-secu.com\/accueil-point-secu\/#\/schema\/logo\/image\/"},"sameAs":["https:\/\/www.facebook.com\/profile.php?id=61565811425035&locale=fr_FR","https:\/\/www.instagram.com\/point_secu_officiel\/"]}]}},"jetpack_likes_enabled":true,"jetpack_sharing_enabled":true,"jetpack_shortlink":"https:\/\/wp.me\/Pg7wzo-oZ","jetpack-related-posts":[{"id":1422,"url":"https:\/\/point-secu.com\/accueil-point-secu\/simulateur-rente-ipp-accident-du-travail-maladie-professionnelle\/","url_meta":{"origin":1549,"position":0},"title":"Simulateur de rente accident du travail et maladie professionnelle","author":"Maxime Bisiau","date":"17 octobre 2024","format":false,"excerpt":"Simulateur de rente IPP \u2013 Calculez votre indemnisation apr\u00e8s un accident du travail ou une maladie professionnelle Vous avez \u00e9t\u00e9 victime d\u2019un accident du travail ou d\u2019une maladie professionnelle et la CPAM a fix\u00e9 un taux d\u2019incapacit\u00e9 permanente (IPP) ?Notre simulateur de rente IPP, mis \u00e0 jour en 2025, vous\u2026","rel":"","context":"Article similaire","block_context":{"text":"Article similaire","link":""},"img":{"alt_text":"","src":"","width":0,"height":0},"classes":[]},{"id":1038,"url":"https:\/\/point-secu.com\/accueil-point-secu\/comprendre-taux-incapacite-permanente\/","url_meta":{"origin":1549,"position":1},"title":"Comprendre le taux d&rsquo;Incapacit\u00e9 Permanente","author":"Maxime Bisiau","date":"22 septembre 2024","format":false,"excerpt":"Comprendre le taux d'incapacit\u00e9 permanente Le taux d\u2019incapacit\u00e9 permanente Partielle (IPP) constitue un \u00e9l\u00e9ment essentiel de l'indemnisation des personnes victimes d\u2019un accident du travail ou d\u2019une maladie professionnelle. Ce taux d\u00e9termine non seulement la gravit\u00e9 des s\u00e9quelles laiss\u00e9es par l\u2019accident ou la maladie, mais aussi le montant de l'indemnisation \u00e0\u2026","rel":"","context":"Article similaire","block_context":{"text":"Article similaire","link":""},"img":{"alt_text":"","src":"","width":0,"height":0},"classes":[]},{"id":824,"url":"https:\/\/point-secu.com\/accueil-point-secu\/contacter-point-secu\/","url_meta":{"origin":1549,"position":2},"title":"Contacter Point S\u00e9cu","author":"Maxime Bisiau","date":"5 septembre 2024","format":false,"excerpt":"Une question pour Point S\u00e9cu. Important : si votre question concerne l'analyse d'une situation personnelle relative \u00e0 vos droits, Point S\u00e9cu. ne pourra pas vous r\u00e9pondre : le conseil juridique relevant de la seule profession d'Avocat.\u00a0Si besoin, nous pourrons n\u00e9anmoins vous orienter vers un avocat que nous connaissons.\u00a0Contactez-nous via ce\u2026","rel":"","context":"Article similaire","block_context":{"text":"Article similaire","link":""},"img":{"alt_text":"","src":"","width":0,"height":0},"classes":[]},{"id":524,"url":"https:\/\/point-secu.com\/accueil-point-secu\/politique-de-cookies-ue\/","url_meta":{"origin":1549,"position":3},"title":"Politique de cookies (UE)","author":"Maxime Bisiau","date":"24 ao\u00fbt 2024","format":false,"excerpt":"","rel":"","context":"Article similaire","block_context":{"text":"Article similaire","link":""},"img":{"alt_text":"","src":"","width":0,"height":0},"classes":[]},{"id":525,"url":"https:\/\/point-secu.com\/accueil-point-secu\/declaration-de-confidentialite-ue\/","url_meta":{"origin":1549,"position":4},"title":"D\u00e9claration de confidentialit\u00e9 (UE)","author":"Maxime Bisiau","date":"24 ao\u00fbt 2024","format":false,"excerpt":"","rel":"","context":"Article similaire","block_context":{"text":"Article similaire","link":""},"img":{"alt_text":"","src":"","width":0,"height":0},"classes":[]},{"id":522,"url":"https:\/\/point-secu.com\/accueil-point-secu\/conditions-generales\/","url_meta":{"origin":1549,"position":5},"title":"Conditions g\u00e9n\u00e9rales","author":"Maxime Bisiau","date":"24 ao\u00fbt 2024","format":false,"excerpt":"I. Conditions G\u00e9n\u00e9rales","rel":"","context":"Article similaire","block_context":{"text":"Article similaire","link":""},"img":{"alt_text":"","src":"","width":0,"height":0},"classes":[]}],"_links":{"self":[{"href":"https:\/\/point-secu.com\/accueil-point-secu\/wp-json\/wp\/v2\/pages\/1549","targetHints":{"allow":["GET"]}}],"collection":[{"href":"https:\/\/point-secu.com\/accueil-point-secu\/wp-json\/wp\/v2\/pages"}],"about":[{"href":"https:\/\/point-secu.com\/accueil-point-secu\/wp-json\/wp\/v2\/types\/page"}],"author":[{"embeddable":true,"href":"https:\/\/point-secu.com\/accueil-point-secu\/wp-json\/wp\/v2\/users\/251454031"}],"replies":[{"embeddable":true,"href":"https:\/\/point-secu.com\/accueil-point-secu\/wp-json\/wp\/v2\/comments?post=1549"}],"version-history":[{"count":167,"href":"https:\/\/point-secu.com\/accueil-point-secu\/wp-json\/wp\/v2\/pages\/1549\/revisions"}],"predecessor-version":[{"id":2382,"href":"https:\/\/point-secu.com\/accueil-point-secu\/wp-json\/wp\/v2\/pages\/1549\/revisions\/2382"}],"wp:featuredmedia":[{"embeddable":true,"href":"https:\/\/point-secu.com\/accueil-point-secu\/wp-json\/wp\/v2\/media\/1742"}],"wp:attachment":[{"href":"https:\/\/point-secu.com\/accueil-point-secu\/wp-json\/wp\/v2\/media?parent=1549"}],"curies":[{"name":"wp","href":"https:\/\/api.w.org\/{rel}","templated":true}]}}